{"id":46,"date":"2014-11-13T14:27:28","date_gmt":"2014-11-13T12:27:28","guid":{"rendered":"http:\/\/the-caverns.de\/?page_id=46"},"modified":"2014-12-16T11:22:02","modified_gmt":"2014-12-16T09:22:02","slug":"die-band","status":"publish","type":"page","link":"https:\/\/www.caverns.de\/?page_id=46","title":{"rendered":"Die Band"},"content":{"rendered":"<div id=\"pl-46\"  class=\"panel-layout\" ><div id=\"pg-46-0\"  class=\"panel-grid panel-no-style\" ><div id=\"pgc-46-0-0\"  class=\"panel-grid-cell\" ><div id=\"panel-46-0-0-0\" class=\"so-panel widget widget_text panel-first-child\" data-index=\"0\" >\t\t\t<div class=\"textwidget\">Wir \u2013 die Caverns \u2013 sind 4 Musik-vernarrte Individualisten und spielen seit nunmehr 50 Jahren den Sound der Sixties.\nDie Sixties verk\u00f6rpern \u2013 wie kein anderes Jahrzehnt \u2013 musikalische Vielfalt, positives Lebensgef\u00fchl, Aufbruchstimmung.\nDie Caverns spielen ein vielseitiges Repertoire im Original-Sound auf Original-Equipment, bestehend aus songs der legend\u00e4ren britischen Bands (Beatles, Hollies, Searchers, Kinks) und der amerikanischen Westcoast (Beach Boys, Mamas and Papas, CSN, Eagles).\nCharakteristisch f\u00fcr die Band ist ihr pr\u00e4ziser drei-und vierstimmiger Satzgesang, fetziger Rock&Roll sound und eine unb\u00e4ndige Freude am Spielen. Fan-Aussagen best\u00e4tigen dies: \u201cDie Meistersinger von Stuttgart\u201d (Zitat: Stuttgarter Zeitung), \u201cBesser als das Original\u201d, \u201cWann erscheint endlich eure n\u00e4chste CD?\u201d<\/div>\n\t\t<\/div><div id=\"panel-46-0-0-1\" class=\"so-panel widget widget_moesia_employees moesia_employees_widget\" data-index=\"1\" >\n\t\t<section id=\"employees\" class=\"employees-area\">\n\t\t\t<div class=\"container\">\n\t\t\t\t<h3 class=\"widget-title\"><span class=\"wow bounce\">Die Band<\/span><\/h3>\t\t\t\t\t\t\t\t\t\t\t\t\t\t<div class=\"employee col-md-4 col-sm-6 col-xs-6\">\n\t\t\t\t\t\t\t\t\t\t\t\t\t\t\t\t\t\t\t\t\t<img class=\"employee-photo wow zoomInDown\" src=\"http:\/\/the-caverns.de\/wp-content\/uploads\/2014\/11\/Werner.jpg\" alt=\"Werner\">\n\t\t\t\t\t\t\t\t\t\t\t\t\t\n\t\t\t\t\t\t<h4 class=\"employee-name wow fadeInUp\">Werner<\/h4>\n\t\t\t\t\t\t\t\t\t\t\t\t\t<span class=\"employee-position wow fadeInUp\">Rhythmus-Gitarre &amp; Gesang<\/span>\n\t\t\t\t\t\t\t\t\t\t\t\t<div class=\"employee-desc wow fadeInUp\"><\/div>\n\t\t\t\t\t\t\t\t\t\t\t<\/div>\n\t\t\t\t\t\t\t\t\t\t\t\t\t\t<div class=\"employee col-md-4 col-sm-6 col-xs-6\">\n\t\t\t\t\t\t\t\t\t\t\t\t\t\t\t\t\t\t\t\t\t<img class=\"employee-photo wow zoomInDown\" src=\"http:\/\/the-caverns.de\/wp-content\/uploads\/2014\/11\/Rainer.jpg\" alt=\"Rainer\">\n\t\t\t\t\t\t\t\t\t\t\t\t\t\n\t\t\t\t\t\t<h4 class=\"employee-name wow fadeInUp\">Rainer<\/h4>\n\t\t\t\t\t\t\t\t\t\t\t\t\t<span class=\"employee-position wow fadeInUp\">Schlagzeug &amp; Gesang<\/span>\n\t\t\t\t\t\t\t\t\t\t\t\t<div class=\"employee-desc wow fadeInUp\"><\/div>\n\t\t\t\t\t\t\t\t\t\t\t<\/div>\n\t\t\t\t\t\t\t\t\t\t\t\t\t\t<div class=\"employee col-md-4 col-sm-6 col-xs-6\">\n\t\t\t\t\t\t\t\t\t\t\t\t\t\t\t\t\t\t\t\t\t<img class=\"employee-photo wow zoomInDown\" src=\"http:\/\/the-caverns.de\/wp-content\/uploads\/2014\/11\/Peter.jpg\" alt=\"Peter\">\n\t\t\t\t\t\t\t\t\t\t\t\t\t\n\t\t\t\t\t\t<h4 class=\"employee-name wow fadeInUp\">Peter<\/h4>\n\t\t\t\t\t\t\t\t\t\t\t\t\t<span class=\"employee-position wow fadeInUp\">Bass-Gitarre &amp; Gesang<\/span>\n\t\t\t\t\t\t\t\t\t\t\t\t<div class=\"employee-desc wow fadeInUp\"><\/div>\n\t\t\t\t\t\t\t\t\t\t\t<\/div>\n\t\t\t\t\t\t\t\t\t\t\t\t\t\t<div class=\"employee col-md-4 col-sm-6 col-xs-6\">\n\t\t\t\t\t\t\t\t\t\t\t\t\t\t\t\t\t\t\t\t\t<img class=\"employee-photo wow zoomInDown\" src=\"http:\/\/www.caverns.de\/wp-content\/uploads\/2016\/02\/Rene.jpg\" alt=\"Ren\u00e9\">\n\t\t\t\t\t\t\t\t\t\t\t\t\t\n\t\t\t\t\t\t<h4 class=\"employee-name wow fadeInUp\">Ren\u00e9<\/h4>\n\t\t\t\t\t\t\t\t\t\t\t\t\t<span class=\"employee-position wow fadeInUp\">Lead Gitarre &amp; Gesang<\/span>\n\t\t\t\t\t\t\t\t\t\t\t\t<div class=\"employee-desc wow fadeInUp\"><\/div>\n\t\t\t\t\t\t\t\t\t\t\t<\/div>\n\t\t\t\t\t\t\t<\/div>\n\t\t\t\t\t\n\t\t<\/section>\n\t\t\t\t\n\t\t\n\t<\/div><div id=\"panel-46-0-0-2\" class=\"so-panel widget widget_text panel-last-child\" data-index=\"2\" ><h3 class=\"widget-title\">Geschichte<\/h3>\t\t\t<div class=\"textwidget\">Peter, Werner, Rolf und Rainer gr\u00fcnden die Band 1965 in Stuttgart. Der Name ist angelehnt an den ber\u00fchmten Cavern-Club in Liverpool, England, in dem so viele Bands ihre Karriere begannen.\nMit einer \u201ckleinen\u201d Unterbrechung von 14 Jahren (\u201dWe only took a 14 year vacation!\u201d) spielt man bis zum heutigen Tag auf \u00f6ffentlichen Veranstaltungen und privaten Parties.<\/div>\n\t\t<\/div><\/div><\/div><\/div>","protected":false},"excerpt":{"rendered":"<p>Wir \u2013 die Caverns \u2013 sind 4 Musik-vernarrte Individualisten und spielen seit nunmehr 50 Jahren den Sound der Sixties. Die Sixties verk\u00f6rpern \u2013 wie kein anderes Jahrzehnt \u2013 musikalische Vielfalt, [&hellip;]<\/p>\n","protected":false},"author":1,"featured_media":0,"parent":0,"menu_order":0,"comment_status":"closed","ping_status":"closed","template":"","meta":[],"_links":{"self":[{"href":"https:\/\/www.caverns.de\/index.php?rest_route=\/wp\/v2\/pages\/46"}],"collection":[{"href":"https:\/\/www.caverns.de\/index.php?rest_route=\/wp\/v2\/pages"}],"about":[{"href":"https:\/\/www.caverns.de\/index.php?rest_route=\/wp\/v2\/types\/page"}],"author":[{"embeddable":true,"href":"https:\/\/www.caverns.de\/index.php?rest_route=\/wp\/v2\/users\/1"}],"replies":[{"embeddable":true,"href":"https:\/\/www.caverns.de\/index.php?rest_route=%2Fwp%2Fv2%2Fcomments&post=46"}],"version-history":[{"count":10,"href":"https:\/\/www.caverns.de\/index.php?rest_route=\/wp\/v2\/pages\/46\/revisions"}],"predecessor-version":[{"id":502,"href":"https:\/\/www.caverns.de\/index.php?rest_route=\/wp\/v2\/pages\/46\/revisions\/502"}],"wp:attachment":[{"href":"https:\/\/www.caverns.de\/index.php?rest_route=%2Fwp%2Fv2%2Fmedia&parent=46"}],"curies":[{"name":"wp","href":"https:\/\/api.w.org\/{rel}","templated":true}]}}